{"id":1733,"date":"2022-08-10T14:37:09","date_gmt":"2022-08-10T14:37:09","guid":{"rendered":"http:\/\/www.erapres.com.tr\/?page_id=1733"},"modified":"2026-01-13T11:58:16","modified_gmt":"2026-01-13T08:58:16","slug":"kommunikation","status":"publish","type":"page","link":"https:\/\/www.erapres.com.tr\/de\/iletisim\/","title":{"rendered":"Kontakt"},"content":{"rendered":"<style>.elementor-1733 .elementor-element.elementor-element-738b946:not(.elementor-motion-effects-element-type-background), .elementor-1733 .elementor-element.elementor-element-738b946 > .elementor-motion-effects-container > .elementor-motion-effects-layer{background-color:#02010100;background-image:url(\"https:\/\/www.erapres.com.tr\/wp-content\/uploads\/2023\/01\/iletisim.png\");background-position:center center;background-size:cover;}.elementor-1733 .elementor-element.elementor-element-738b946 > .elementor-background-overlay{opacity:0.44;transition:background 0.3s, border-radius 0.3s, opacity 0.3s;}.elementor-1733 .elementor-element.elementor-element-738b946{transition:background 0.3s, border 0.3s, border-radius 0.3s, box-shadow 0.3s;padding:80px 250px 80px 0px;}.elementor-1733 .elementor-element.elementor-element-738b946.elementor-section::before{content:\"\";width:100%;height:100%;position:absolute;left:0;top:0;-webkit-backdrop-filter:blur(0px);backdrop-filter:blur(0px);border-radius:inherit;background-color:inherit;}.elementor-1733 .elementor-element.elementor-element-f9f0a39.elementor-column > .elementor-widget-wrap{justify-content:center;}.elementor-1733 .elementor-element.elementor-element-8dbe4fd{text-align:center;}.elementor-1733 .elementor-element.elementor-element-8dbe4fd .elementor-heading-title{color:#E30613;}.elementor-1733 .elementor-element.elementor-element-8dbe4fd > .elementor-widget-container{margin:0px 0px 0px 0px;}.elementor-1733 .elementor-element.elementor-element-640b530c > .elementor-container{max-width:1170px;}.elementor-1733 .elementor-element.elementor-element-640b530c > .elementor-container > .elementor-column > .elementor-widget-wrap{align-content:center;align-items:center;}.elementor-1733 .elementor-element.elementor-element-640b530c{padding:100px 0px 100px 0px;}.elementor-1733 .elementor-element.elementor-element-16ee393d > .elementor-element-populated, .elementor-1733 .elementor-element.elementor-element-16ee393d > .elementor-element-populated > .elementor-background-overlay, .elementor-1733 .elementor-element.elementor-element-16ee393d > .elementor-background-slideshow{border-radius:0px 0px 0px 0px;}.elementor-1733 .elementor-element.elementor-element-16ee393d > .elementor-element-populated{box-shadow:0px 3px 15px 0px rgba(0, 0, 0, 0.1);transition:background 0.3s, border 0.3s, border-radius 0.3s, box-shadow 0.3s;margin:0px 40px 0px 10px;--e-column-margin-right:40px;--e-column-margin-left:10px;padding:40px 40px 40px 40px;}.elementor-1733 .elementor-element.elementor-element-16ee393d > .elementor-element-populated > .elementor-background-overlay{transition:background 0.3s, border-radius 0.3s, opacity 0.3s;}.elementor-1733 .elementor-element.elementor-element-4a04c9fe > .elementor-element-populated{margin:41px 0px 0px 17px;--e-column-margin-right:0px;--e-column-margin-left:17px;}.elementor-1733 .elementor-element.elementor-element-68fd6243 .elementor-heading-title{font-weight:800;color:#E30613;}.elementor-1733 .elementor-element.elementor-element-68fd6243 > .elementor-widget-container{margin:0px 0px 0px 0px;border-radius:2px 2px 2px 2px;}.elementor-1733 .elementor-element.elementor-element-4379bc4b{font-family:var( --e-global-typography-text-font-family ), Sans-serif;font-weight:var( --e-global-typography-text-font-weight );color:var( --e-global-color-text );}.elementor-1733 .elementor-element.elementor-element-d208800{--divider-border-style:solid;--divider-color:#E30613;--divider-border-width:2.5px;}.elementor-1733 .elementor-element.elementor-element-d208800 .elementor-divider-separator{width:100%;}.elementor-1733 .elementor-element.elementor-element-d208800 .elementor-divider{padding-block-start:2px;padding-block-end:2px;}.elementor-1733 .elementor-element.elementor-element-d208800 > .elementor-widget-container{margin:-12px 0px -10px 0px;padding:-12px -12px -12px -12px;}.elementor-1733 .elementor-element.elementor-element-22c80a4 .elementor-icon-list-icon i{transition:color 0.3s;}.elementor-1733 .elementor-element.elementor-element-22c80a4 .elementor-icon-list-icon svg{transition:fill 0.3s;}.elementor-1733 .elementor-element.elementor-element-22c80a4{--e-icon-list-icon-size:14px;--icon-vertical-offset:0px;}.elementor-1733 .elementor-element.elementor-element-22c80a4 .elementor-icon-list-text{transition:color 0.3s;}.elementor-1733 .elementor-element.elementor-element-355d6315{--grid-template-columns:repeat(0, auto);--icon-size:8px;--grid-column-gap:4px;--grid-row-gap:0px;}.elementor-1733 .elementor-element.elementor-element-355d6315 .elementor-social-icon{--icon-padding:0.7em;}.elementor-1733 .elementor-element.elementor-element-355d6315 .elementor-icon{border-radius:26px 26px 26px 26px;}.elementor-1733 .elementor-element.elementor-element-355d6315 > .elementor-widget-container{margin:7px 0px 0px 0px;}.elementor-1733 .elementor-element.elementor-element-709c5c3 iframe{height:365px;filter:brightness( 100% ) contrast( 100% ) saturate( 100% ) blur( 0px ) hue-rotate( 0deg );}@media(max-width:1024px) and (min-width:768px){.elementor-1733 .elementor-element.elementor-element-16ee393d{width:100%;}.elementor-1733 .elementor-element.elementor-element-4a04c9fe{width:100%;}}@media(max-width:1024px){.elementor-1733 .elementor-element.elementor-element-738b946{padding:100px 0px 100px 0px;}.elementor-1733 .elementor-element.elementor-element-640b530c{padding:0px 10px 80px 10px;}.elementor-1733 .elementor-element.elementor-element-16ee393d > .elementor-element-populated{margin:40px 10px 0px 10px;--e-column-margin-right:10px;--e-column-margin-left:10px;}.elementor-1733 .elementor-element.elementor-element-4a04c9fe > .elementor-element-populated{margin:40px 0px 0px 0px;--e-column-margin-right:0px;--e-column-margin-left:0px;}}@media(max-width:767px){.elementor-1733 .elementor-element.elementor-element-738b946{padding:0px 10px 0px 10px;}.elementor-1733 .elementor-element.elementor-element-640b530c{margin-top:-75px;margin-bottom:0px;padding:0px 10px 40px 10px;}.elementor-1733 .elementor-element.elementor-element-4a04c9fe > .elementor-element-populated{margin:30px 0px 0px 0px;--e-column-margin-right:0px;--e-column-margin-left:0px;}.elementor-1733 .elementor-element.elementor-element-4379bc4b > .elementor-widget-container{margin:0px 0px 0px 0px;}.elementor-1733 .elementor-element.elementor-element-355d6315{--grid-template-columns:repeat(0, auto);--grid-column-gap:18px;}.elementor-1733 .elementor-element.elementor-element-355d6315 .elementor-widget-container{text-align:left;}}<\/style>\t\t<div data-elementor-type=\"wp-page\" data-elementor-id=\"1733\" class=\"elementor elementor-1733\">\n\t\t\t\t\t\t<section class=\"elementor-section elementor-top-section elementor-element elementor-element-738b946 elementor-section-full_width elementor-section-height-default elementor-section-height-default\" data-id=\"738b946\" data-element_type=\"section\" data-e-type=\"section\" data-settings=\"{&quot;background_background&quot;:&quot;classic&quot;}\">\n\t\t\t\t\t\t\t<div class=\"elementor-background-overlay\"><\/div>\n\t\t\t\t\t\t\t<div class=\"elementor-container elementor-column-gap-default\">\n\t\t\t\t\t<div class=\"elementor-column elementor-col-100 elementor-top-column elementor-element elementor-element-f9f0a39\" data-id=\"f9f0a39\" data-element_type=\"column\" data-e-type=\"column\">\n\t\t\t<div class=\"elementor-widget-wrap elementor-element-populated\">\n\t\t\t\t\t\t<div class=\"elementor-element elementor-element-8dbe4fd elementor-widget elementor-widget-heading\" data-id=\"8dbe4fd\" data-element_type=\"widget\" data-e-type=\"widget\" data-widget_type=\"heading.default\">\n\t\t\t\t<div class=\"elementor-widget-container\">\n\t\t\t\t\t<h2 class=\"elementor-heading-title elementor-size-default\">Kontakt<\/h2>\t\t\t\t<\/div>\n\t\t\t\t<\/div>\n\t\t\t\t\t<\/div>\n\t\t<\/div>\n\t\t\t\t\t<\/div>\n\t\t<\/section>\n\t\t\t\t<section class=\"elementor-section elementor-top-section elementor-element elementor-element-640b530c elementor-section-content-middle elementor-section-stretched elementor-section-boxed elementor-section-height-default elementor-section-height-default\" data-id=\"640b530c\" data-element_type=\"section\" data-e-type=\"section\" data-settings=\"{&quot;stretch_section&quot;:&quot;section-stretched&quot;}\">\n\t\t\t\t\t\t<div class=\"elementor-container elementor-column-gap-default\">\n\t\t\t\t\t<div class=\"elementor-column elementor-col-50 elementor-top-column elementor-element elementor-element-16ee393d\" data-id=\"16ee393d\" data-element_type=\"column\" data-e-type=\"column\" data-settings=\"{&quot;background_background&quot;:&quot;classic&quot;}\">\n\t\t\t<div class=\"elementor-widget-wrap elementor-element-populated\">\n\t\t\t\t\t\t<div class=\"elementor-element elementor-element-d26192d elementor-widget elementor-widget-text-editor\" data-id=\"d26192d\" data-element_type=\"widget\" data-e-type=\"widget\" data-widget_type=\"text-editor.default\">\n\t\t\t\t<div class=\"elementor-widget-container\">\n\t\t\t\t\t\t\t\t\t<p><strong>Bitte kontaktieren Sie uns.<\/strong><\/p><p><div class=\"forminator-ui forminator-custom-form forminator-custom-form-4356 forminator-design--material  forminator_ajax\" data-forminator-render=\"0\" data-form=\"forminator-module-4356\" data-uid=\"69e1f3974e921\"><br\/><\/div><form\n\t\t\t\tid=\"forminator-module-4356\"\n\t\t\t\tclass=\"forminator-ui forminator-custom-form forminator-custom-form-4356 forminator-design--material  forminator_ajax\"\n\t\t\t\tmethod=\"post\"\n\t\t\t\tdata-forminator-render=\"0\"\n\t\t\t\tdata-form-id=\"4356\"\n\t\t\t\t data-color-option=\"default\" data-design=\"material\" data-grid=\"open\" style=\"display: none;\"\n\t\t\t\tdata-uid=\"69e1f3974e921\" action=\"\"\n\t\t\t><div role=\"alert\" aria-live=\"polite\" class=\"forminator-response-message forminator-error\" aria-hidden=\"true\"><\/div><div class=\"forminator-row\"><div id=\"name-1\" class=\"forminator-field-name forminator-col forminator-col-6\"><div class=\"forminator-field\"><label for=\"forminator-field-name-1_69e1f3974e921\" id=\"forminator-field-name-1_69e1f3974e921-label\" class=\"forminator-label\">Ihr Name <span class=\"forminator-required\">*<\/span><\/label><input type=\"text\" name=\"name-1\" value=\"\" placeholder=\"\" id=\"forminator-field-name-1_69e1f3974e921\" class=\"forminator-input forminator-name--field\" aria-required=\"true\" autocomplete=\"name\" \/><\/div><\/div><div id=\"name-2\" class=\"forminator-field-name forminator-col forminator-col-6\"><div class=\"forminator-field\"><label for=\"forminator-field-name-2_69e1f3974e921\" id=\"forminator-field-name-2_69e1f3974e921-label\" class=\"forminator-label\">Name des Unternehmens <span class=\"forminator-required\">*<\/span><\/label><input type=\"text\" name=\"name-2\" value=\"\" placeholder=\"\" id=\"forminator-field-name-2_69e1f3974e921\" class=\"forminator-input forminator-name--field\" aria-required=\"true\" autocomplete=\"name\" \/><\/div><\/div><\/div><div class=\"forminator-row\"><div id=\"email-1\" class=\"forminator-field-email forminator-col forminator-col-12\"><div class=\"forminator-field\"><label for=\"forminator-field-email-1_69e1f3974e921\" id=\"forminator-field-email-1_69e1f3974e921-label\" class=\"forminator-label\">E-Mail Adresse <span class=\"forminator-required\">*<\/span><\/label><input type=\"email\" name=\"email-1\" value=\"\" placeholder=\"\" id=\"forminator-field-email-1_69e1f3974e921\" class=\"forminator-input forminator-email--field\" data-required=\"true\" aria-required=\"true\" autocomplete=\"email\" \/><\/div><\/div><\/div><div class=\"forminator-row\"><div id=\"phone-1\" class=\"forminator-field-phone forminator-col forminator-col-12\"><div class=\"forminator-field\"><label for=\"forminator-field-phone-1_69e1f3974e921\" id=\"forminator-field-phone-1_69e1f3974e921-label\" class=\"forminator-label\">Rufnummer Nummer<\/label><input type=\"text\" name=\"phone-1\" value=\"\" placeholder=\"\" id=\"forminator-field-phone-1_69e1f3974e921\" class=\"forminator-input forminator-field--phone\" data-required=\"\" aria-required=\"false\" autocomplete=\"off\" \/><\/div><\/div><\/div><div class=\"forminator-row\"><div id=\"text-1\" class=\"forminator-field-text forminator-col forminator-col-12\"><div class=\"forminator-field\"><label for=\"forminator-field-text-1_69e1f3974e921\" id=\"forminator-field-text-1_69e1f3974e921-label\" class=\"forminator-label\">Frau<\/label><input type=\"text\" name=\"text-1\" value=\"\" placeholder=\"\" id=\"forminator-field-text-1_69e1f3974e921\" class=\"forminator-input forminator-name--field\" data-required=\"\" \/><\/div><\/div><\/div><div class=\"forminator-row\"><div id=\"textarea-1\" class=\"forminator-field-textarea forminator-col forminator-col-12\"><div class=\"forminator-field\"><label for=\"forminator-field-textarea-1_69e1f3974e921\" id=\"forminator-field-textarea-1_69e1f3974e921-label\" class=\"forminator-label\">Nachricht<\/label><textarea name=\"textarea-1\" placeholder=\"Ihre Nachricht eingeben...\" id=\"forminator-field-textarea-1_69e1f3974e921\" class=\"forminator-textarea\" rows=\"6\" style=\"min-height:140px;\" maxlength=\"180\" ><\/textarea><span id=\"forminator-field-textarea-1_69e1f3974e921-description\" class=\"forminator-description\"><span data-limit=\"180\" data-type=\"characters\" data-editor=\"\">0 \/ 180<\/span><\/span><\/div><\/div><\/div><div class=\"forminator-row\"><div id=\"captcha-1\" class=\"forminator-field-captcha forminator-col forminator-col-12\"><div class=\"forminator-captcha-left forminator-g-recaptcha\" data-theme=\"light\"  data-sitekey=\"6Lc1iNUqAAAAAPkMVS80OE2YG7QmXEg7M8rJz6Sc\" data-size=\"normal\"><\/div> <\/div><\/div><input type=\"hidden\" name=\"referer_url\" value=\"\" \/><div class=\"forminator-row forminator-row-last\"><div class=\"forminator-col\"><div class=\"forminator-field\"><button class=\"forminator-button forminator-button-submit\"><span>Nachricht senden<\/span><span aria-hidden=\"true\"><\/span><\/button><\/div><\/div><\/div><input type=\"hidden\" id=\"forminator_nonce\" name=\"forminator_nonce\" value=\"cb32c9abe9\" \/><input type=\"hidden\" name=\"_wp_http_referer\" value=\"\/de\/wp-json\/wp\/v2\/pages\/1733\" \/><input type=\"hidden\" name=\"form_id\" value=\"4356\"><input type=\"hidden\" name=\"page_id\" value=\"1733\"><input type=\"hidden\" name=\"form_type\" value=\"default\"><input type=\"hidden\" name=\"current_url\" value=\"https:\/\/www.erapres.com.tr\/de\/iletisim\/\"><input type=\"hidden\" name=\"render_id\" value=\"0\"><input type=\"hidden\" name=\"action\" value=\"forminator_submit_form_custom-forms\"><input type=\"hidden\" name=\"trp-form-language\" value=\"de\"\/><\/form><\/p>\t\t\t\t\t\t\t\t<\/div>\n\t\t\t\t<\/div>\n\t\t\t\t\t<\/div>\n\t\t<\/div>\n\t\t\t\t<div class=\"elementor-column elementor-col-50 elementor-top-column elementor-element elementor-element-4a04c9fe\" data-id=\"4a04c9fe\" data-element_type=\"column\" data-e-type=\"column\">\n\t\t\t<div class=\"elementor-widget-wrap elementor-element-populated\">\n\t\t\t\t\t\t<div class=\"elementor-element elementor-element-68fd6243 elementor-widget elementor-widget-heading\" data-id=\"68fd6243\" data-element_type=\"widget\" data-e-type=\"widget\" data-widget_type=\"heading.default\">\n\t\t\t\t<div class=\"elementor-widget-container\">\n\t\t\t\t\t<h2 class=\"elementor-heading-title elementor-size-small\">Kontakt Details<\/h2>\t\t\t\t<\/div>\n\t\t\t\t<\/div>\n\t\t\t\t<div class=\"elementor-element elementor-element-39a2954f elementor-widget elementor-widget-heading\" data-id=\"39a2954f\" data-element_type=\"widget\" data-e-type=\"widget\" data-widget_type=\"heading.default\">\n\t\t\t\t<div class=\"elementor-widget-container\">\n\t\t\t\t\t<h2 class=\"elementor-heading-title elementor-size-default\">Erapres<\/h2>\t\t\t\t<\/div>\n\t\t\t\t<\/div>\n\t\t\t\t<div class=\"elementor-element elementor-element-4379bc4b elementor-widget elementor-widget-text-editor\" data-id=\"4379bc4b\" data-element_type=\"widget\" data-e-type=\"widget\" data-widget_type=\"text-editor.default\">\n\t\t\t\t<div class=\"elementor-widget-container\">\n\t\t\t\t\t\t\t\t\t<p>Sie k\u00f6nnen uns \u00fcber die unten stehenden Kontaktdaten erreichen, oder Sie k\u00f6nnen uns \u00fcber unser Kontaktformular kontaktieren.<\/p>\t\t\t\t\t\t\t\t<\/div>\n\t\t\t\t<\/div>\n\t\t\t\t<div class=\"elementor-element elementor-element-d208800 elementor-widget-divider--view-line elementor-widget elementor-widget-divider\" data-id=\"d208800\" data-element_type=\"widget\" data-e-type=\"widget\" data-widget_type=\"divider.default\">\n\t\t\t\t<div class=\"elementor-widget-container\">\n\t\t\t\t\t\t\t<div class=\"elementor-divider\">\n\t\t\t<span class=\"elementor-divider-separator\">\n\t\t\t\t\t\t<\/span>\n\t\t<\/div>\n\t\t\t\t\t\t<\/div>\n\t\t\t\t<\/div>\n\t\t\t\t<section class=\"elementor-section elementor-inner-section elementor-element elementor-element-42a93974 elementor-section-boxed elementor-section-height-default elementor-section-height-default\" data-id=\"42a93974\" data-element_type=\"section\" data-e-type=\"section\">\n\t\t\t\t\t\t<div class=\"elementor-container elementor-column-gap-no\">\n\t\t\t\t\t<div class=\"elementor-column elementor-col-100 elementor-inner-column elementor-element elementor-element-9124c6e\" data-id=\"9124c6e\" data-element_type=\"column\" data-e-type=\"column\">\n\t\t\t<div class=\"elementor-widget-wrap elementor-element-populated\">\n\t\t\t\t\t\t<div class=\"elementor-element elementor-element-22c80a4 elementor-icon-list--layout-traditional elementor-list-item-link-full_width elementor-widget elementor-widget-icon-list\" data-id=\"22c80a4\" data-element_type=\"widget\" data-e-type=\"widget\" data-widget_type=\"icon-list.default\">\n\t\t\t\t<div class=\"elementor-widget-container\">\n\t\t\t\t\t\t\t<ul class=\"elementor-icon-list-items\">\n\t\t\t\t\t\t\t<li class=\"elementor-icon-list-item\">\n\t\t\t\t\t\t\t\t\t\t\t<a href=\"mailto:info@erapres.com.tr\">\n\n\t\t\t\t\t\t\t\t\t\t\t\t<span class=\"elementor-icon-list-icon\">\n\t\t\t\t\t\t\t<svg xmlns=\"http:\/\/www.w3.org\/2000\/svg\" id=\"Icons\" viewbox=\"0 0 32 23\"><defs><style>.cls-1{fill:#231f20;}<\/style><\/defs><g id=\"Mail_2_Filled\"><path class=\"cls-1\" d=\"M31,2.04l-9.93,8.61,10.14,10c.49-.77,.78-1.68,.78-2.65V5c0-1.11-.38-2.13-1-2.96Z\"><\/path><path class=\"cls-1\" d=\"M29.5,.7c-.74-.43-1.59-.7-2.5-.7H5c-1,0-1.93,.3-2.72,.82L15.75,12.63,29.5,.7Z\"><\/path><path class=\"cls-1\" d=\"M16.4,14.71c-.19,.16-.42,.24-.66,.24s-.47-.08-.66-.25l-2.86-2.51L2.25,22.16c.79,.53,1.74,.84,2.75,.84H27c1.05,0,2.03-.34,2.84-.9l-10.28-10.13-3.16,2.74Z\"><\/path><path class=\"cls-1\" d=\"M.85,2.22c-.54,.8-.85,1.75-.85,2.78v13c0,1.02,.31,1.96,.84,2.75L10.71,10.87,.85,2.22Z\"><\/path><\/g><\/svg>\t\t\t\t\t\t<\/span>\n\t\t\t\t\t\t\t\t\t\t<span class=\"elementor-icon-list-text\">info@erapres.com.tr<\/span>\n\t\t\t\t\t\t\t\t\t\t\t<\/a>\n\t\t\t\t\t\t\t\t\t<\/li>\n\t\t\t\t\t\t\t\t<li class=\"elementor-icon-list-item\">\n\t\t\t\t\t\t\t\t\t\t\t<a href=\"tel:02165401365\">\n\n\t\t\t\t\t\t\t\t\t\t\t\t<span class=\"elementor-icon-list-icon\">\n\t\t\t\t\t\t\t<svg aria-hidden=\"true\" class=\"e-font-icon-svg e-fas-phone-alt\" viewbox=\"0 0 512 512\" xmlns=\"http:\/\/www.w3.org\/2000\/svg\"><path d=\"M497.39 361.8l-112-48a24 24 0 0 0-28 6.9l-49.6 60.6A370.66 370.66 0 0 1 130.6 204.11l60.6-49.6a23.94 23.94 0 0 0 6.9-28l-48-112A24.16 24.16 0 0 0 122.6.61l-104 24A24 24 0 0 0 0 48c0 256.5 207.9 464 464 464a24 24 0 0 0 23.4-18.6l24-104a24.29 24.29 0 0 0-14.01-27.6z\"><\/path><\/svg>\t\t\t\t\t\t<\/span>\n\t\t\t\t\t\t\t\t\t\t<span class=\"elementor-icon-list-text\">+90 216 540 13 65<\/span>\n\t\t\t\t\t\t\t\t\t\t\t<\/a>\n\t\t\t\t\t\t\t\t\t<\/li>\n\t\t\t\t\t\t<\/ul>\n\t\t\t\t\t\t<\/div>\n\t\t\t\t<\/div>\n\t\t\t\t\t<\/div>\n\t\t<\/div>\n\t\t\t\t\t<\/div>\n\t\t<\/section>\n\t\t\t\t<div class=\"elementor-element elementor-element-355d6315 elementor-shape-square elementor-grid-mobile-0 e-grid-align-mobile-left elementor-grid-0 elementor-widget elementor-widget-social-icons\" data-id=\"355d6315\" data-element_type=\"widget\" data-e-type=\"widget\" data-widget_type=\"social-icons.default\">\n\t\t\t\t<div class=\"elementor-widget-container\">\n\t\t\t\t\t\t\t<div class=\"elementor-social-icons-wrapper elementor-grid\" role=\"list\">\n\t\t\t\t\t\t\t<span class=\"elementor-grid-item\" role=\"listitem\">\n\t\t\t\t\t<a class=\"elementor-icon elementor-social-icon elementor-social-icon-facebook-f elementor-animation-shrink elementor-repeater-item-c0163ab\" href=\"https:\/\/www.facebook.com\/people\/Erapres\/100085181239974\/\" target=\"_blank\" rel=\"noopener\">\n\t\t\t\t\t\t<span class=\"elementor-screen-only\">Facebook-f<\/span>\n\t\t\t\t\t\t<svg aria-hidden=\"true\" class=\"e-font-icon-svg e-fab-facebook-f\" viewbox=\"0 0 320 512\" xmlns=\"http:\/\/www.w3.org\/2000\/svg\"><path d=\"M279.14 288l14.22-92.66h-88.91v-60.13c0-25.35 12.42-50.06 52.24-50.06h40.42V6.26S260.43 0 225.36 0c-73.22 0-121.08 44.38-121.08 124.72v70.62H22.89V288h81.39v224h100.17V288z\"><\/path><\/svg>\t\t\t\t\t<\/a>\n\t\t\t\t<\/span>\n\t\t\t\t\t\t\t<span class=\"elementor-grid-item\" role=\"listitem\">\n\t\t\t\t\t<a class=\"elementor-icon elementor-social-icon elementor-social-icon-instagram elementor-animation-shrink elementor-repeater-item-63f86db\" href=\"https:\/\/www.instagram.com\/erapress\/\" target=\"_blank\" rel=\"noopener\">\n\t\t\t\t\t\t<span class=\"elementor-screen-only\">Instagram<\/span>\n\t\t\t\t\t\t<svg aria-hidden=\"true\" class=\"e-font-icon-svg e-fab-instagram\" viewbox=\"0 0 448 512\" xmlns=\"http:\/\/www.w3.org\/2000\/svg\"><path d=\"M224.1 141c-63.6 0-114.9 51.3-114.9 114.9s51.3 114.9 114.9 114.9S339 319.5 339 255.9 287.7 141 224.1 141zm0 189.6c-41.1 0-74.7-33.5-74.7-74.7s33.5-74.7 74.7-74.7 74.7 33.5 74.7 74.7-33.6 74.7-74.7 74.7zm146.4-194.3c0 14.9-12 26.8-26.8 26.8-14.9 0-26.8-12-26.8-26.8s12-26.8 26.8-26.8 26.8 12 26.8 26.8zm76.1 27.2c-1.7-35.9-9.9-67.7-36.2-93.9-26.2-26.2-58-34.4-93.9-36.2-37-2.1-147.9-2.1-184.9 0-35.8 1.7-67.6 9.9-93.9 36.1s-34.4 58-36.2 93.9c-2.1 37-2.1 147.9 0 184.9 1.7 35.9 9.9 67.7 36.2 93.9s58 34.4 93.9 36.2c37 2.1 147.9 2.1 184.9 0 35.9-1.7 67.7-9.9 93.9-36.2 26.2-26.2 34.4-58 36.2-93.9 2.1-37 2.1-147.8 0-184.8zM398.8 388c-7.8 19.6-22.9 34.7-42.6 42.6-29.5 11.7-99.5 9-132.1 9s-102.7 2.6-132.1-9c-19.6-7.8-34.7-22.9-42.6-42.6-11.7-29.5-9-99.5-9-132.1s-2.6-102.7 9-132.1c7.8-19.6 22.9-34.7 42.6-42.6 29.5-11.7 99.5-9 132.1-9s102.7-2.6 132.1 9c19.6 7.8 34.7 22.9 42.6 42.6 11.7 29.5 9 99.5 9 132.1s2.7 102.7-9 132.1z\"><\/path><\/svg>\t\t\t\t\t<\/a>\n\t\t\t\t<\/span>\n\t\t\t\t\t\t\t<span class=\"elementor-grid-item\" role=\"listitem\">\n\t\t\t\t\t<a class=\"elementor-icon elementor-social-icon elementor-social-icon-linkedin-in elementor-animation-shrink elementor-repeater-item-3dbfd36\" href=\"https:\/\/www.linkedin.com\/company\/erapres\" target=\"_blank\" rel=\"noopener\">\n\t\t\t\t\t\t<span class=\"elementor-screen-only\">Verlinkt in<\/span>\n\t\t\t\t\t\t<svg aria-hidden=\"true\" class=\"e-font-icon-svg e-fab-linkedin-in\" viewbox=\"0 0 448 512\" xmlns=\"http:\/\/www.w3.org\/2000\/svg\"><path d=\"M100.28 448H7.4V148.9h92.88zM53.79 108.1C24.09 108.1 0 83.5 0 53.8a53.79 53.79 0 0 1 107.58 0c0 29.7-24.1 54.3-53.79 54.3zM447.9 448h-92.68V302.4c0-34.7-.7-79.2-48.29-79.2-48.29 0-55.69 37.7-55.69 76.7V448h-92.78V148.9h89.08v40.8h1.3c12.4-23.5 42.69-48.3 87.88-48.3 94 0 111.28 61.9 111.28 142.3V448z\"><\/path><\/svg>\t\t\t\t\t<\/a>\n\t\t\t\t<\/span>\n\t\t\t\t\t<\/div>\n\t\t\t\t\t\t<\/div>\n\t\t\t\t<\/div>\n\t\t\t\t<div class=\"elementor-element elementor-element-709c5c3 elementor-widget elementor-widget-google_maps\" data-id=\"709c5c3\" data-element_type=\"widget\" data-e-type=\"widget\" data-widget_type=\"google_maps.default\">\n\t\t\t\t<div class=\"elementor-widget-container\">\n\t\t\t\t\t\t\t<div class=\"elementor-custom-embed\">\n\t\t\t<iframe loading=\"lazy\"\n\t\t\t\t\tsrc=\"https:\/\/maps.google.com\/maps?q=%C3%87erke%C5%9Fli%20%C4%B0MES%20OSB%2024.%20Cadde%20No%3A9%20Dilovas%C4%B1%2F%20Kocaeli&#038;t=m&#038;z=15&#038;output=embed&#038;iwloc=near\"\n\t\t\t\t\ttitle=\"\u00c7erke\u015fli \u0130MES OSB 24. Cadde No:9 Dilovas\u0131\/ Kocaeli\"\n\t\t\t\t\taria-label=\"\u00c7erke\u015fli \u0130MES OSB 24. Cadde No:9 Dilovas\u0131\/ Kocaeli\"\n\t\t\t><\/iframe>\n\t\t<\/div>\n\t\t\t\t\t\t<\/div>\n\t\t\t\t<\/div>\n\t\t\t\t\t<\/div>\n\t\t<\/div>\n\t\t\t\t\t<\/div>\n\t\t<\/section>\n\t\t\t\t<\/div>","protected":false},"excerpt":{"rendered":"<p>\u0130leti\u015fim Bizimle \u0130leti\u015fime Ge\u00e7iniz. \u0130leti\u015fim Bilgileri Erapres A\u015fa\u011f\u0131daki ileti\u015fim bilgilerimizden bize ula\u015fabilir, ileti\u015fim formumuzdan bizimle irtibata ge\u00e7ebilirsiniz. info@erapres.com.tr +90 216 540 13 [&hellip;]<\/p>\n","protected":false},"author":9,"featured_media":0,"parent":0,"menu_order":0,"comment_status":"closed","ping_status":"closed","template":"elementor_header_footer","meta":{"_monsterinsights_skip_tracking":false,"_monsterinsights_sitenote_active":false,"_monsterinsights_sitenote_note":"","_monsterinsights_sitenote_category":0,"footnotes":""},"class_list":["post-1733","page","type-page","status-publish","hentry"],"_links":{"self":[{"href":"https:\/\/www.erapres.com.tr\/de\/wp-json\/wp\/v2\/pages\/1733","targetHints":{"allow":["GET"]}}],"collection":[{"href":"https:\/\/www.erapres.com.tr\/de\/wp-json\/wp\/v2\/pages"}],"about":[{"href":"https:\/\/www.erapres.com.tr\/de\/wp-json\/wp\/v2\/types\/page"}],"author":[{"embeddable":true,"href":"https:\/\/www.erapres.com.tr\/de\/wp-json\/wp\/v2\/users\/9"}],"replies":[{"embeddable":true,"href":"https:\/\/www.erapres.com.tr\/de\/wp-json\/wp\/v2\/comments?post=1733"}],"version-history":[{"count":12,"href":"https:\/\/www.erapres.com.tr\/de\/wp-json\/wp\/v2\/pages\/1733\/revisions"}],"predecessor-version":[{"id":6794,"href":"https:\/\/www.erapres.com.tr\/de\/wp-json\/wp\/v2\/pages\/1733\/revisions\/6794"}],"wp:attachment":[{"href":"https:\/\/www.erapres.com.tr\/de\/wp-json\/wp\/v2\/media?parent=1733"}],"curies":[{"name":"wp","href":"https:\/\/api.w.org\/{rel}","templated":true}]}}