{"id":1939,"date":"2022-08-17T15:27:13","date_gmt":"2022-08-17T15:27:13","guid":{"rendered":"http:\/\/www.erapres.com.tr\/?page_id=1939"},"modified":"2026-01-13T11:58:34","modified_gmt":"2026-01-13T08:58:34","slug":"servis-egitim","status":"publish","type":"page","link":"https:\/\/www.erapres.com.tr\/de\/servis-egitim\/","title":{"rendered":"Dienstleistung \/ Ausbildung"},"content":{"rendered":"<style>.elementor-1939 .elementor-element.elementor-element-cc6b200:not(.elementor-motion-effects-element-type-background), .elementor-1939 .elementor-element.elementor-element-cc6b200 > .elementor-motion-effects-container > .elementor-motion-effects-layer{background-image:url(\"https:\/\/www.erapres.com.tr\/wp-content\/uploads\/2023\/01\/destekservice.jpg\");background-size:cover;}.elementor-1939 .elementor-element.elementor-element-cc6b200 > .elementor-background-overlay{opacity:0.75;transition:background 0.3s, border-radius 0.3s, opacity 0.3s;}.elementor-1939 .elementor-element.elementor-element-cc6b200{transition:background 0.3s, border 0.3s, border-radius 0.3s, box-shadow 0.3s;padding:80px 200px 80px 0px;}.elementor-1939 .elementor-element.elementor-element-802131f.elementor-column > .elementor-widget-wrap{justify-content:center;}.elementor-1939 .elementor-element.elementor-element-c29a18b{text-align:center;}.elementor-1939 .elementor-element.elementor-element-c29a18b .elementor-heading-title{color:#E30613;}.elementor-1939 .elementor-element.elementor-element-c29a18b > .elementor-widget-container{margin:0px 0px 0px 0px;}.elementor-1939 .elementor-element.elementor-element-4ab11baa > .elementor-container{max-width:1200px;}.elementor-1939 .elementor-element.elementor-element-4ab11baa{padding:45px 0px 135px 0px;}.elementor-1939 .elementor-element.elementor-element-3a9606a > .elementor-element-populated{margin:0px 0px 0px 0px;--e-column-margin-right:0px;--e-column-margin-left:0px;}.elementor-1939 .elementor-element.elementor-element-e76c70e{text-align:center;}.elementor-1939 .elementor-element.elementor-element-02b7e92{text-align:center;}.elementor-1939 .elementor-element.elementor-element-5052e2a7 > .elementor-container{max-width:900px;}.elementor-1939 .elementor-element.elementor-element-5052e2a7 > .elementor-background-overlay{opacity:0.75;transition:background 0.3s, border-radius 0.3s, opacity 0.3s;}.elementor-1939 .elementor-element.elementor-element-5052e2a7{transition:background 0.3s, border 0.3s, border-radius 0.3s, box-shadow 0.3s;margin-top:-145px;margin-bottom:0px;padding:0px 0px 0px 0px;}.elementor-1939 .elementor-element.elementor-element-75f95bb0{text-align:center;}.elementor-1939 .elementor-element.elementor-element-75f95bb0 .elementor-heading-title{font-family:\"Ubuntu\", Sans-serif;line-height:1.7em;word-spacing:0.2em;}.elementor-1939 .elementor-element.elementor-element-75f95bb0 > .elementor-widget-container{margin:0px 0px 20px 0px;}.elementor-1939 .elementor-element.elementor-element-550ce58b .elementor-button{background-color:#E30613;border-radius:50px 0px 50px 50px;padding:20px 40px 20px 40px;}.elementor-1939 .elementor-element.elementor-element-550ce58b .elementor-button:hover, .elementor-1939 .elementor-element.elementor-element-550ce58b .elementor-button:focus{color:#FFFFFF;background-color:#8F8F8F;}.elementor-1939 .elementor-element.elementor-element-550ce58b .elementor-button:hover svg, .elementor-1939 .elementor-element.elementor-element-550ce58b .elementor-button:focus svg{fill:#FFFFFF;}.elementor-1939 .elementor-element.elementor-element-6c19dc55 > .elementor-container{max-width:1200px;}.elementor-1939 .elementor-element.elementor-element-6c19dc55{padding:7px 0px 105px 0px;}.elementor-1939 .elementor-element.elementor-element-28185c09 > .elementor-widget-container{padding:0px 15px 0px 0px;}.elementor-1939 .elementor-element.elementor-element-2f2cce9 .elementor-heading-title{font-size:28px;}.elementor-1939 .elementor-element.elementor-element-032b17b .elementor-heading-title{font-size:28px;}.elementor-1939 .elementor-element.elementor-element-d8a1bec .elementor-heading-title{font-size:28px;}.elementor-1939 .elementor-element.elementor-element-ddaeec7 .elementor-heading-title{font-size:28px;}.elementor-1939 .elementor-element.elementor-element-b7e3bea .elementor-heading-title{font-size:28px;}.elementor-1939 .elementor-element.elementor-element-394de40 .elementor-heading-title{font-size:28px;}@media(min-width:768px){.elementor-1939 .elementor-element.elementor-element-7df06227{width:50%;}.elementor-1939 .elementor-element.elementor-element-1178580d{width:50%;}}@media(max-width:1024px){.elementor-1939 .elementor-element.elementor-element-cc6b200{padding:100px 0px 100px 0px;}}@media(max-width:767px){.elementor-1939 .elementor-element.elementor-element-cc6b200:not(.elementor-motion-effects-element-type-background), .elementor-1939 .elementor-element.elementor-element-cc6b200 > .elementor-motion-effects-container > .elementor-motion-effects-layer{background-position:center center;}.elementor-1939 .elementor-element.elementor-element-cc6b200{padding:0px 10px 0px 0px;}.elementor-1939 .elementor-element.elementor-element-4ab11baa{margin-top:-44px;margin-bottom:0px;}.elementor-1939 .elementor-element.elementor-element-7e9f693 img{border-radius:84px 84px 84px 84px;}.elementor-1939 .elementor-element.elementor-element-36a5217 img{border-radius:266px 266px 266px 266px;}.elementor-1939 .elementor-element.elementor-element-5052e2a7{margin-top:-160px;margin-bottom:0px;}.elementor-1939 .elementor-element.elementor-element-75f95bb0 .elementor-heading-title{font-size:18px;}.elementor-1939 .elementor-element.elementor-element-6c19dc55{padding:3px 3px 3px 3px;}.elementor-1939 .elementor-element.elementor-element-2f2cce9 .elementor-heading-title{font-size:20px;}.elementor-1939 .elementor-element.elementor-element-032b17b .elementor-heading-title{font-size:20px;}.elementor-1939 .elementor-element.elementor-element-d8a1bec .elementor-heading-title{font-size:20px;}.elementor-1939 .elementor-element.elementor-element-ddaeec7 .elementor-heading-title{font-size:20px;}.elementor-1939 .elementor-element.elementor-element-b7e3bea .elementor-heading-title{font-size:20px;}.elementor-1939 .elementor-element.elementor-element-394de40 .elementor-heading-title{font-size:20px;}}@media(max-width:1024px) and (min-width:768px){.elementor-1939 .elementor-element.elementor-element-3a9606a{width:50%;}.elementor-1939 .elementor-element.elementor-element-73b64afd{width:50%;}.elementor-1939 .elementor-element.elementor-element-7df06227{width:100%;}.elementor-1939 .elementor-element.elementor-element-1178580d{width:100%;}}<\/style>\t\t<div data-elementor-type=\"wp-page\" data-elementor-id=\"1939\" class=\"elementor elementor-1939\">\n\t\t\t\t\t\t<section class=\"elementor-section elementor-top-section elementor-element elementor-element-cc6b200 elementor-section-full_width elementor-section-height-default elementor-section-height-default\" data-id=\"cc6b200\" data-element_type=\"section\" data-e-type=\"section\" data-settings=\"{&quot;background_background&quot;:&quot;classic&quot;}\">\n\t\t\t\t\t\t\t<div class=\"elementor-background-overlay\"><\/div>\n\t\t\t\t\t\t\t<div class=\"elementor-container elementor-column-gap-default\">\n\t\t\t\t\t<div class=\"elementor-column elementor-col-100 elementor-top-column elementor-element elementor-element-802131f\" data-id=\"802131f\" data-element_type=\"column\" data-e-type=\"column\">\n\t\t\t<div class=\"elementor-widget-wrap elementor-element-populated\">\n\t\t\t\t\t\t<div class=\"elementor-element elementor-element-c29a18b elementor-widget elementor-widget-heading\" data-id=\"c29a18b\" data-element_type=\"widget\" data-e-type=\"widget\" data-widget_type=\"heading.default\">\n\t\t\t\t<div class=\"elementor-widget-container\">\n\t\t\t\t\t<h2 class=\"elementor-heading-title elementor-size-default\">Dienstleistung\/Schulung<\/h2>\t\t\t\t<\/div>\n\t\t\t\t<\/div>\n\t\t\t\t\t<\/div>\n\t\t<\/div>\n\t\t\t\t\t<\/div>\n\t\t<\/section>\n\t\t\t\t<section class=\"elementor-section elementor-top-section elementor-element elementor-element-4ab11baa elementor-section-boxed elementor-section-height-default elementor-section-height-default\" data-id=\"4ab11baa\" data-element_type=\"section\" data-e-type=\"section\">\n\t\t\t\t\t\t<div class=\"elementor-container elementor-column-gap-extended\">\n\t\t\t\t\t<div class=\"elementor-column elementor-col-50 elementor-top-column elementor-element elementor-element-3a9606a\" data-id=\"3a9606a\" data-element_type=\"column\" data-e-type=\"column\">\n\t\t\t<div class=\"elementor-widget-wrap elementor-element-populated\">\n\t\t\t\t\t\t<div class=\"elementor-element elementor-element-7e9f693 elementor-widget elementor-widget-image\" data-id=\"7e9f693\" data-element_type=\"widget\" data-e-type=\"widget\" data-widget_type=\"image.default\">\n\t\t\t\t<div class=\"elementor-widget-container\">\n\t\t\t\t\t\t\t\t\t\t\t\t\t\t\t<img fetchpriority=\"high\" decoding=\"async\" width=\"1024\" height=\"445\" src=\"https:\/\/www.erapres.com.tr\/wp-content\/uploads\/2023\/01\/businessman-hold-fintech-financial-technology-concept-business-investment-banking-payment-cryptocurrency-investment-digital-money-business-concept-virtual-screen-1024x445.jpg\" class=\"attachment-large size-large wp-image-5386\" alt=\"\" srcset=\"https:\/\/www.erapres.com.tr\/wp-content\/uploads\/2023\/01\/businessman-hold-fintech-financial-technology-concept-business-investment-banking-payment-cryptocurrency-investment-digital-money-business-concept-virtual-screen-1024x445.jpg 1024w, https:\/\/www.erapres.com.tr\/wp-content\/uploads\/2023\/01\/businessman-hold-fintech-financial-technology-concept-business-investment-banking-payment-cryptocurrency-investment-digital-money-business-concept-virtual-screen-300x130.jpg 300w, https:\/\/www.erapres.com.tr\/wp-content\/uploads\/2023\/01\/businessman-hold-fintech-financial-technology-concept-business-investment-banking-payment-cryptocurrency-investment-digital-money-business-concept-virtual-screen-768x334.jpg 768w, https:\/\/www.erapres.com.tr\/wp-content\/uploads\/2023\/01\/businessman-hold-fintech-financial-technology-concept-business-investment-banking-payment-cryptocurrency-investment-digital-money-business-concept-virtual-screen-1536x668.jpg 1536w, https:\/\/www.erapres.com.tr\/wp-content\/uploads\/2023\/01\/businessman-hold-fintech-financial-technology-concept-business-investment-banking-payment-cryptocurrency-investment-digital-money-business-concept-virtual-screen-2048x891.jpg 2048w, https:\/\/www.erapres.com.tr\/wp-content\/uploads\/2023\/01\/businessman-hold-fintech-financial-technology-concept-business-investment-banking-payment-cryptocurrency-investment-digital-money-business-concept-virtual-screen-570x248.jpg 570w, https:\/\/www.erapres.com.tr\/wp-content\/uploads\/2023\/01\/businessman-hold-fintech-financial-technology-concept-business-investment-banking-payment-cryptocurrency-investment-digital-money-business-concept-virtual-screen-270x117.jpg 270w, https:\/\/www.erapres.com.tr\/wp-content\/uploads\/2023\/01\/businessman-hold-fintech-financial-technology-concept-business-investment-banking-payment-cryptocurrency-investment-digital-money-business-concept-virtual-screen-1000x435.jpg 1000w, https:\/\/www.erapres.com.tr\/wp-content\/uploads\/2023\/01\/businessman-hold-fintech-financial-technology-concept-business-investment-banking-payment-cryptocurrency-investment-digital-money-business-concept-virtual-screen-230x100.jpg 230w, https:\/\/www.erapres.com.tr\/wp-content\/uploads\/2023\/01\/businessman-hold-fintech-financial-technology-concept-business-investment-banking-payment-cryptocurrency-investment-digital-money-business-concept-virtual-screen-350x152.jpg 350w, https:\/\/www.erapres.com.tr\/wp-content\/uploads\/2023\/01\/businessman-hold-fintech-financial-technology-concept-business-investment-banking-payment-cryptocurrency-investment-digital-money-business-concept-virtual-screen-480x209.jpg 480w\" sizes=\"(max-width: 1024px) 100vw, 1024px\" \/>\t\t\t\t\t\t\t\t\t\t\t\t\t\t\t<\/div>\n\t\t\t\t<\/div>\n\t\t\t\t<div class=\"elementor-element elementor-element-e76c70e elementor-widget elementor-widget-heading\" data-id=\"e76c70e\" data-element_type=\"widget\" data-e-type=\"widget\" data-widget_type=\"heading.default\">\n\t\t\t\t<div class=\"elementor-widget-container\">\n\t\t\t\t\t<h2 class=\"elementor-heading-title elementor-size-default\">Dienst<\/h2>\t\t\t\t<\/div>\n\t\t\t\t<\/div>\n\t\t\t\t<div class=\"elementor-element elementor-element-9a406bb elementor-widget elementor-widget-text-editor\" data-id=\"9a406bb\" data-element_type=\"widget\" data-e-type=\"widget\" data-widget_type=\"text-editor.default\">\n\t\t\t\t<div class=\"elementor-widget-container\">\n\t\t\t\t\t\t\t\t\t<p>ERAPRES hat die Zufriedenheit seiner Kunden durch das Anbieten von relevanten und qualitativ hochwertigen Dienstleistungen vor dem Verkauf und nach dem Verkauf gewonnen. Unser Unternehmen bietet mit seinem professionellen Serviceteam einen 24-Stunden-Service bei elektronischen und mechanischen St\u00f6rungen an Aluminiummaschinen. Nach der Montage und Installation werden die Maschinenbediener und Ihr technisches Team entsprechend geschult. Mit seinem umfangreichen Ersatzteillager erf\u00fcllt es die Bed\u00fcrfnisse des Kunden auf schnellstem Wege.<\/p>\t\t\t\t\t\t\t\t<\/div>\n\t\t\t\t<\/div>\n\t\t\t\t\t<\/div>\n\t\t<\/div>\n\t\t\t\t<div class=\"elementor-column elementor-col-50 elementor-top-column elementor-element elementor-element-73b64afd\" data-id=\"73b64afd\" data-element_type=\"column\" data-e-type=\"column\">\n\t\t\t<div class=\"elementor-widget-wrap elementor-element-populated\">\n\t\t\t\t\t\t<div class=\"elementor-element elementor-element-36a5217 elementor-widget elementor-widget-image\" data-id=\"36a5217\" data-element_type=\"widget\" data-e-type=\"widget\" data-widget_type=\"image.default\">\n\t\t\t\t<div class=\"elementor-widget-container\">\n\t\t\t\t\t\t\t\t\t\t\t\t\t\t\t<img decoding=\"async\" src=\"https:\/\/www.erapres.com.tr\/wp-content\/uploads\/elementor\/thumbs\/destek-scaled-q6gnkh31h0fcn3vre0ezggtlaybvz0a6fwdo7wmksk.jpg\" title=\"destek\" alt=\"destek\" loading=\"lazy\" \/>\t\t\t\t\t\t\t\t\t\t\t\t\t\t\t<\/div>\n\t\t\t\t<\/div>\n\t\t\t\t<div class=\"elementor-element elementor-element-02b7e92 elementor-widget elementor-widget-heading\" data-id=\"02b7e92\" data-element_type=\"widget\" data-e-type=\"widget\" data-widget_type=\"heading.default\">\n\t\t\t\t<div class=\"elementor-widget-container\">\n\t\t\t\t\t<h2 class=\"elementor-heading-title elementor-size-default\">Bildung<\/h2>\t\t\t\t<\/div>\n\t\t\t\t<\/div>\n\t\t\t\t<div class=\"elementor-element elementor-element-69c6b51 elementor-widget elementor-widget-text-editor\" data-id=\"69c6b51\" data-element_type=\"widget\" data-e-type=\"widget\" data-widget_type=\"text-editor.default\">\n\t\t\t\t<div class=\"elementor-widget-container\">\n\t\t\t\t\t\t\t\t\t<p>ERAPRES stellt verschiedene Automatisierungsmaschinen f\u00fcr Gie\u00dfereien her und bietet au\u00dferdem Schulungen und Beratungsdienste an. Qualit\u00e4t, Funktionalit\u00e4t, Leistungsverbesserung und Effizienz sind unsere Hauptanliegen, und deshalb ist die Schulung \u00fcber Gie\u00dftechnologien und Verbesserungsmethoden f\u00fcr unsere Kunden wichtig. Unser Unternehmen ber\u00e4t seine Kunden dar\u00fcber, wie sie die aktuelle Technologie am besten nutzen k\u00f6nnen.<\/p>\t\t\t\t\t\t\t\t<\/div>\n\t\t\t\t<\/div>\n\t\t\t\t\t<\/div>\n\t\t<\/div>\n\t\t\t\t\t<\/div>\n\t\t<\/section>\n\t\t\t\t<section class=\"elementor-section elementor-top-section elementor-element elementor-element-5052e2a7 elementor-section-boxed elementor-section-height-default elementor-section-height-default\" data-id=\"5052e2a7\" data-element_type=\"section\" data-e-type=\"section\" data-settings=\"{&quot;background_background&quot;:&quot;classic&quot;}\">\n\t\t\t\t\t\t\t<div class=\"elementor-background-overlay\"><\/div>\n\t\t\t\t\t\t\t<div class=\"elementor-container elementor-column-gap-default\">\n\t\t\t\t\t<div class=\"elementor-column elementor-col-100 elementor-top-column elementor-element elementor-element-fd59acb\" data-id=\"fd59acb\" data-element_type=\"column\" data-e-type=\"column\">\n\t\t\t<div class=\"elementor-widget-wrap elementor-element-populated\">\n\t\t\t\t\t\t<section class=\"elementor-section elementor-inner-section elementor-element elementor-element-35b5ee40 elementor-section-boxed elementor-section-height-default elementor-section-height-default\" data-id=\"35b5ee40\" data-element_type=\"section\" data-e-type=\"section\">\n\t\t\t\t\t\t<div class=\"elementor-container elementor-column-gap-default\">\n\t\t\t\t\t<div class=\"elementor-column elementor-col-100 elementor-inner-column elementor-element elementor-element-e48f5fe\" data-id=\"e48f5fe\" data-element_type=\"column\" data-e-type=\"column\">\n\t\t\t<div class=\"elementor-widget-wrap elementor-element-populated\">\n\t\t\t\t\t\t<div class=\"elementor-element elementor-element-75f95bb0 elementor-widget elementor-widget-heading\" data-id=\"75f95bb0\" data-element_type=\"widget\" data-e-type=\"widget\" data-widget_type=\"heading.default\">\n\t\t\t\t<div class=\"elementor-widget-container\">\n\t\t\t\t\t<h2 class=\"elementor-heading-title elementor-size-large\">Bitte informieren Sie sich bei unserem Unternehmen \u00fcber Schulungen zu Aluminiumgusstechnologien und Verbesserungsmethoden.<\/h2>\t\t\t\t<\/div>\n\t\t\t\t<\/div>\n\t\t\t\t<div class=\"elementor-element elementor-element-550ce58b elementor-align-center elementor-widget elementor-widget-button\" data-id=\"550ce58b\" data-element_type=\"widget\" data-e-type=\"widget\" data-widget_type=\"button.default\">\n\t\t\t\t<div class=\"elementor-widget-container\">\n\t\t\t\t\t\t\t\t\t<div class=\"elementor-button-wrapper\">\n\t\t\t\t\t<a class=\"elementor-button elementor-button-link elementor-size-sm\" href=\"http:\/\/www.erapres.com.tr\/de\/kommunikation\/\">\n\t\t\t\t\t\t<span class=\"elementor-button-content-wrapper\">\n\t\t\t\t\t\t\t\t\t<span class=\"elementor-button-text\">Kommunikation<\/span>\n\t\t\t\t\t<\/span>\n\t\t\t\t\t<\/a>\n\t\t\t\t<\/div>\n\t\t\t\t\t\t\t\t<\/div>\n\t\t\t\t<\/div>\n\t\t\t\t\t<\/div>\n\t\t<\/div>\n\t\t\t\t\t<\/div>\n\t\t<\/section>\n\t\t\t\t\t<\/div>\n\t\t<\/div>\n\t\t\t\t\t<\/div>\n\t\t<\/section>\n\t\t\t\t<section class=\"elementor-section elementor-top-section elementor-element elementor-element-6c19dc55 elementor-section-boxed elementor-section-height-default elementor-section-height-default\" data-id=\"6c19dc55\" data-element_type=\"section\" data-e-type=\"section\">\n\t\t\t\t\t\t<div class=\"elementor-container elementor-column-gap-extended\">\n\t\t\t\t\t<div class=\"elementor-column elementor-col-50 elementor-top-column elementor-element elementor-element-7df06227\" data-id=\"7df06227\" data-element_type=\"column\" data-e-type=\"column\">\n\t\t\t<div class=\"elementor-widget-wrap elementor-element-populated\">\n\t\t\t\t\t\t<div class=\"elementor-element elementor-element-5c08b68e elementor-widget elementor-widget-heading\" data-id=\"5c08b68e\" data-element_type=\"widget\" data-e-type=\"widget\" data-widget_type=\"heading.default\">\n\t\t\t\t<div class=\"elementor-widget-container\">\n\t\t\t\t\t<h2 class=\"elementor-heading-title elementor-size-default\">Das Ziel unserer Schulungen<\/h2>\t\t\t\t<\/div>\n\t\t\t\t<\/div>\n\t\t\t\t<div class=\"elementor-element elementor-element-28185c09 elementor-widget elementor-widget-text-editor\" data-id=\"28185c09\" data-element_type=\"widget\" data-e-type=\"widget\" data-widget_type=\"text-editor.default\">\n\t\t\t\t<div class=\"elementor-widget-container\">\n\t\t\t\t\t\t\t\t\t<p>Qualit\u00e4t, Funktionalit\u00e4t, Leistungsverbesserung und Effizienz sind unsere Hauptanliegen, und deshalb ist die Ausbildung in Aluminiumtechnologien und Verbesserungsmethoden f\u00fcr unsere Kunden wichtig. Unser Unternehmen ber\u00e4t seine Kunden dar\u00fcber, wie sie die aktuelle Technologie am besten nutzen k\u00f6nnen.<\/p>\t\t\t\t\t\t\t\t<\/div>\n\t\t\t\t<\/div>\n\t\t\t\t\t<\/div>\n\t\t<\/div>\n\t\t\t\t<div class=\"elementor-column elementor-col-50 elementor-top-column elementor-element elementor-element-1178580d\" data-id=\"1178580d\" data-element_type=\"column\" data-e-type=\"column\">\n\t\t\t<div class=\"elementor-widget-wrap elementor-element-populated\">\n\t\t\t\t\t\t<div class=\"elementor-element elementor-element-2f2cce9 elementor-widget elementor-widget-heading\" data-id=\"2f2cce9\" data-element_type=\"widget\" data-e-type=\"widget\" data-widget_type=\"heading.default\">\n\t\t\t\t<div class=\"elementor-widget-container\">\n\t\t\t\t\t<h2 class=\"elementor-heading-title elementor-size-default\">* Qualit\u00e4tsproduktion<\/h2>\t\t\t\t<\/div>\n\t\t\t\t<\/div>\n\t\t\t\t<div class=\"elementor-element elementor-element-032b17b elementor-widget elementor-widget-heading\" data-id=\"032b17b\" data-element_type=\"widget\" data-e-type=\"widget\" data-widget_type=\"heading.default\">\n\t\t\t\t<div class=\"elementor-widget-container\">\n\t\t\t\t\t<h2 class=\"elementor-heading-title elementor-size-default\">* Leistungsentwicklung<\/h2>\t\t\t\t<\/div>\n\t\t\t\t<\/div>\n\t\t\t\t<div class=\"elementor-element elementor-element-d8a1bec elementor-widget elementor-widget-heading\" data-id=\"d8a1bec\" data-element_type=\"widget\" data-e-type=\"widget\" data-widget_type=\"heading.default\">\n\t\t\t\t<div class=\"elementor-widget-container\">\n\t\t\t\t\t<h2 class=\"elementor-heading-title elementor-size-default\">* Effiziente Produktion <\/h2>\t\t\t\t<\/div>\n\t\t\t\t<\/div>\n\t\t\t\t<div class=\"elementor-element elementor-element-ddaeec7 elementor-widget elementor-widget-heading\" data-id=\"ddaeec7\" data-element_type=\"widget\" data-e-type=\"widget\" data-widget_type=\"heading.default\">\n\t\t\t\t<div class=\"elementor-widget-container\">\n\t\t\t\t\t<h2 class=\"elementor-heading-title elementor-size-default\">* Verringerung ungeplanter Arbeitsunterbrechungen <\/h2>\t\t\t\t<\/div>\n\t\t\t\t<\/div>\n\t\t\t\t<div class=\"elementor-element elementor-element-b7e3bea elementor-widget elementor-widget-heading\" data-id=\"b7e3bea\" data-element_type=\"widget\" data-e-type=\"widget\" data-widget_type=\"heading.default\">\n\t\t\t\t<div class=\"elementor-widget-container\">\n\t\t\t\t\t<h2 class=\"elementor-heading-title elementor-size-default\">* Verk\u00fcrzung der Instandhaltungsfristen<\/h2>\t\t\t\t<\/div>\n\t\t\t\t<\/div>\n\t\t\t\t<div class=\"elementor-element elementor-element-394de40 elementor-widget elementor-widget-heading\" data-id=\"394de40\" data-element_type=\"widget\" data-e-type=\"widget\" data-widget_type=\"heading.default\">\n\t\t\t\t<div class=\"elementor-widget-container\">\n\t\t\t\t\t<h2 class=\"elementor-heading-title elementor-size-default\">* Erh\u00f6hung der Produktionskapazit\u00e4t<\/h2>\t\t\t\t<\/div>\n\t\t\t\t<\/div>\n\t\t\t\t\t<\/div>\n\t\t<\/div>\n\t\t\t\t\t<\/div>\n\t\t<\/section>\n\t\t\t\t<\/div>","protected":false},"excerpt":{"rendered":"<p>Servis\/E\u011fitim Servis ERAPRES, sat\u0131\u015f \u00f6ncesinde sundu\u011fu ilgili ve kaliteli hizmeti sat\u0131\u015f sonras\u0131 hizmetlerde de sunarak, m\u00fc\u015fterilerinin memnuniyetini kazanm\u0131\u015ft\u0131r. Firmam\u0131z b\u00fcnyesinde bulundurdu\u011fu profesyonel [&hellip;]<\/p>\n","protected":false},"author":9,"featured_media":0,"parent":0,"menu_order":0,"comment_status":"closed","ping_status":"closed","template":"elementor_header_footer","meta":{"_monsterinsights_skip_tracking":false,"_monsterinsights_sitenote_active":false,"_monsterinsights_sitenote_note":"","_monsterinsights_sitenote_category":0,"footnotes":""},"class_list":["post-1939","page","type-page","status-publish","hentry"],"_links":{"self":[{"href":"https:\/\/www.erapres.com.tr\/de\/wp-json\/wp\/v2\/pages\/1939","targetHints":{"allow":["GET"]}}],"collection":[{"href":"https:\/\/www.erapres.com.tr\/de\/wp-json\/wp\/v2\/pages"}],"about":[{"href":"https:\/\/www.erapres.com.tr\/de\/wp-json\/wp\/v2\/types\/page"}],"author":[{"embeddable":true,"href":"https:\/\/www.erapres.com.tr\/de\/wp-json\/wp\/v2\/users\/9"}],"replies":[{"embeddable":true,"href":"https:\/\/www.erapres.com.tr\/de\/wp-json\/wp\/v2\/comments?post=1939"}],"version-history":[{"count":6,"href":"https:\/\/www.erapres.com.tr\/de\/wp-json\/wp\/v2\/pages\/1939\/revisions"}],"predecessor-version":[{"id":6310,"href":"https:\/\/www.erapres.com.tr\/de\/wp-json\/wp\/v2\/pages\/1939\/revisions\/6310"}],"wp:attachment":[{"href":"https:\/\/www.erapres.com.tr\/de\/wp-json\/wp\/v2\/media?parent=1939"}],"curies":[{"name":"wp","href":"https:\/\/api.w.org\/{rel}","templated":true}]}}