{"id":6774,"date":"2025-03-06T17:05:51","date_gmt":"2025-03-06T14:05:51","guid":{"rendered":"https:\/\/www.erapres.com.tr\/?page_id=6774"},"modified":"2026-01-13T12:01:46","modified_gmt":"2026-01-13T09:01:46","slug":"teklif-al","status":"publish","type":"page","link":"https:\/\/www.erapres.com.tr\/fr\/teklif-al\/","title":{"rendered":"Obtenir une offre"},"content":{"rendered":"<style>.elementor-6774 .elementor-element.elementor-element-738b946:not(.elementor-motion-effects-element-type-background), .elementor-6774 .elementor-element.elementor-element-738b946 > .elementor-motion-effects-container > .elementor-motion-effects-layer{background-color:#02010100;background-image:url(\"https:\/\/www.erapres.com.tr\/wp-content\/uploads\/2023\/01\/iletisim.png\");background-position:center center;background-size:cover;}.elementor-6774 .elementor-element.elementor-element-738b946 > .elementor-background-overlay{opacity:0.44;transition:background 0.3s, border-radius 0.3s, opacity 0.3s;}.elementor-6774 .elementor-element.elementor-element-738b946{transition:background 0.3s, border 0.3s, border-radius 0.3s, box-shadow 0.3s;padding:80px 250px 80px 0px;}.elementor-6774 .elementor-element.elementor-element-738b946.elementor-section::before{content:\"\";width:100%;height:100%;position:absolute;left:0;top:0;-webkit-backdrop-filter:blur(0px);backdrop-filter:blur(0px);border-radius:inherit;background-color:inherit;}.elementor-6774 .elementor-element.elementor-element-f9f0a39.elementor-column > .elementor-widget-wrap{justify-content:center;}.elementor-6774 .elementor-element.elementor-element-8dbe4fd{text-align:center;}.elementor-6774 .elementor-element.elementor-element-8dbe4fd .elementor-heading-title{color:#E30613;}.elementor-6774 .elementor-element.elementor-element-8dbe4fd > .elementor-widget-container{margin:0px 0px 0px 0px;}.elementor-6774 .elementor-element.elementor-element-640b530c > .elementor-container{max-width:1170px;}.elementor-6774 .elementor-element.elementor-element-640b530c > .elementor-container > .elementor-column > .elementor-widget-wrap{align-content:center;align-items:center;}.elementor-6774 .elementor-element.elementor-element-640b530c{padding:100px 0px 100px 0px;}.elementor-6774 .elementor-element.elementor-element-16ee393d > .elementor-element-populated, .elementor-6774 .elementor-element.elementor-element-16ee393d > .elementor-element-populated > .elementor-background-overlay, .elementor-6774 .elementor-element.elementor-element-16ee393d > .elementor-background-slideshow{border-radius:0px 0px 0px 0px;}.elementor-6774 .elementor-element.elementor-element-16ee393d > .elementor-element-populated{box-shadow:0px 3px 15px 0px rgba(0, 0, 0, 0.1);transition:background 0.3s, border 0.3s, border-radius 0.3s, box-shadow 0.3s;margin:0px 40px 0px 10px;--e-column-margin-right:40px;--e-column-margin-left:10px;padding:40px 40px 40px 40px;}.elementor-6774 .elementor-element.elementor-element-16ee393d > .elementor-element-populated > .elementor-background-overlay{transition:background 0.3s, border-radius 0.3s, opacity 0.3s;}@media(max-width:1024px) and (min-width:768px){.elementor-6774 .elementor-element.elementor-element-16ee393d{width:100%;}}@media(max-width:1024px){.elementor-6774 .elementor-element.elementor-element-738b946{padding:100px 0px 100px 0px;}.elementor-6774 .elementor-element.elementor-element-640b530c{padding:0px 10px 80px 10px;}.elementor-6774 .elementor-element.elementor-element-16ee393d > .elementor-element-populated{margin:40px 10px 0px 10px;--e-column-margin-right:10px;--e-column-margin-left:10px;}}@media(max-width:767px){.elementor-6774 .elementor-element.elementor-element-738b946{padding:0px 10px 0px 10px;}.elementor-6774 .elementor-element.elementor-element-640b530c{margin-top:-75px;margin-bottom:0px;padding:0px 10px 40px 10px;}}<\/style>\t\t<div data-elementor-type=\"wp-page\" data-elementor-id=\"6774\" class=\"elementor elementor-6774\">\n\t\t\t\t\t\t<section class=\"elementor-section elementor-top-section elementor-element elementor-element-738b946 elementor-section-full_width elementor-section-height-default elementor-section-height-default\" data-id=\"738b946\" data-element_type=\"section\" data-e-type=\"section\" data-settings=\"{&quot;background_background&quot;:&quot;classic&quot;}\">\n\t\t\t\t\t\t\t<div class=\"elementor-background-overlay\"><\/div>\n\t\t\t\t\t\t\t<div class=\"elementor-container elementor-column-gap-default\">\n\t\t\t\t\t<div class=\"elementor-column elementor-col-100 elementor-top-column elementor-element elementor-element-f9f0a39\" data-id=\"f9f0a39\" data-element_type=\"column\" data-e-type=\"column\">\n\t\t\t<div class=\"elementor-widget-wrap elementor-element-populated\">\n\t\t\t\t\t\t<div class=\"elementor-element elementor-element-8dbe4fd elementor-widget elementor-widget-heading\" data-id=\"8dbe4fd\" data-element_type=\"widget\" data-e-type=\"widget\" data-widget_type=\"heading.default\">\n\t\t\t\t<div class=\"elementor-widget-container\">\n\t\t\t\t\t<h2 class=\"elementor-heading-title elementor-size-default\">Obtenir une offre<\/h2>\t\t\t\t<\/div>\n\t\t\t\t<\/div>\n\t\t\t\t\t<\/div>\n\t\t<\/div>\n\t\t\t\t\t<\/div>\n\t\t<\/section>\n\t\t\t\t<section class=\"elementor-section elementor-top-section elementor-element elementor-element-640b530c elementor-section-content-middle elementor-section-stretched elementor-section-boxed elementor-section-height-default elementor-section-height-default\" data-id=\"640b530c\" data-element_type=\"section\" data-e-type=\"section\" data-settings=\"{&quot;stretch_section&quot;:&quot;section-stretched&quot;}\">\n\t\t\t\t\t\t<div class=\"elementor-container elementor-column-gap-default\">\n\t\t\t\t\t<div class=\"elementor-column elementor-col-100 elementor-top-column elementor-element elementor-element-16ee393d\" data-id=\"16ee393d\" data-element_type=\"column\" data-e-type=\"column\" data-settings=\"{&quot;background_background&quot;:&quot;classic&quot;}\">\n\t\t\t<div class=\"elementor-widget-wrap elementor-element-populated\">\n\t\t\t\t\t\t<div class=\"elementor-element elementor-element-d26192d elementor-widget elementor-widget-text-editor\" data-id=\"d26192d\" data-element_type=\"widget\" data-e-type=\"widget\" data-widget_type=\"text-editor.default\">\n\t\t\t\t<div class=\"elementor-widget-container\">\n\t\t\t\t\t\t\t\t\t<p><strong>Veuillez nous contacter.<\/strong><\/p><p><div class=\"forminator-ui forminator-custom-form forminator-custom-form-6776 forminator-design--material  forminator_ajax\" data-forminator-render=\"1\" data-form=\"forminator-module-6776\" data-uid=\"69e8a0ede1258\"><br\/><\/div><form\n\t\t\t\tid=\"forminator-module-6776\"\n\t\t\t\tclass=\"forminator-ui forminator-custom-form forminator-custom-form-6776 forminator-design--material  forminator_ajax\"\n\t\t\t\tmethod=\"post\"\n\t\t\t\tdata-forminator-render=\"1\"\n\t\t\t\tdata-form-id=\"6776\"\n\t\t\t\t data-color-option=\"default\" data-design=\"material\" data-grid=\"open\" style=\"display: none;\"\n\t\t\t\tdata-uid=\"69e8a0ede1258\" action=\"\"\n\t\t\t><div role=\"alert\" aria-live=\"polite\" class=\"forminator-response-message forminator-error\" aria-hidden=\"true\"><\/div><div class=\"forminator-row\"><div id=\"name-1\" class=\"forminator-field-name forminator-col forminator-col-6\"><div class=\"forminator-field\"><label for=\"forminator-field-name-1_69e8a0ede1258\" id=\"forminator-field-name-1_69e8a0ede1258-label\" class=\"forminator-label\">Votre nom <span class=\"forminator-required\">*<\/span><\/label><input type=\"text\" name=\"name-1\" value=\"\" placeholder=\"\" id=\"forminator-field-name-1_69e8a0ede1258\" class=\"forminator-input forminator-name--field\" aria-required=\"true\" autocomplete=\"name\" \/><\/div><\/div><div id=\"name-2\" class=\"forminator-field-name forminator-col forminator-col-6\"><div class=\"forminator-field\"><label for=\"forminator-field-name-2_69e8a0ede1258\" id=\"forminator-field-name-2_69e8a0ede1258-label\" class=\"forminator-label\">Nom de l'entreprise <span class=\"forminator-required\">*<\/span><\/label><input type=\"text\" name=\"name-2\" value=\"\" placeholder=\"\" id=\"forminator-field-name-2_69e8a0ede1258\" class=\"forminator-input forminator-name--field\" aria-required=\"true\" autocomplete=\"name\" \/><\/div><\/div><\/div><div class=\"forminator-row\"><div id=\"phone-1\" class=\"forminator-field-phone forminator-col forminator-col-6\"><div class=\"forminator-field\"><label for=\"forminator-field-phone-1_69e8a0ede1258\" id=\"forminator-field-phone-1_69e8a0ede1258-label\" class=\"forminator-label\">Num\u00e9ro de t\u00e9l\u00e9phone<\/label><input type=\"text\" name=\"phone-1\" value=\"\" placeholder=\"\" id=\"forminator-field-phone-1_69e8a0ede1258\" class=\"forminator-input forminator-field--phone\" data-required=\"\" aria-required=\"false\" autocomplete=\"off\" \/><\/div><\/div><div id=\"email-1\" class=\"forminator-field-email forminator-col forminator-col-6\"><div class=\"forminator-field\"><label for=\"forminator-field-email-1_69e8a0ede1258\" id=\"forminator-field-email-1_69e8a0ede1258-label\" class=\"forminator-label\">Adresse \u00e9lectronique <span class=\"forminator-required\">*<\/span><\/label><input type=\"email\" name=\"email-1\" value=\"\" placeholder=\"\" id=\"forminator-field-email-1_69e8a0ede1258\" class=\"forminator-input forminator-email--field\" data-required=\"true\" aria-required=\"true\" autocomplete=\"email\" \/><\/div><\/div><\/div><div class=\"forminator-row\"><div id=\"text-1\" class=\"forminator-field-text forminator-col forminator-col-12\"><div class=\"forminator-field\"><label for=\"forminator-field-text-1_69e8a0ede1258\" id=\"forminator-field-text-1_69e8a0ede1258-label\" class=\"forminator-label\">Frau<\/label><input type=\"text\" name=\"text-1\" value=\"\" placeholder=\"\" id=\"forminator-field-text-1_69e8a0ede1258\" class=\"forminator-input forminator-name--field\" data-required=\"\" \/><\/div><\/div><\/div><div class=\"forminator-row\"><div id=\"textarea-1\" class=\"forminator-field-textarea forminator-col forminator-col-12\"><div class=\"forminator-field\"><textarea name=\"textarea-1\" placeholder=\"Sur quel produit souhaitez-vous recevoir des informations et \u00e0 quel prix ?\" id=\"forminator-field-textarea-1_69e8a0ede1258\" class=\"forminator-textarea\" rows=\"6\" style=\"--forminator-textarea-min-height:140px;\" maxlength=\"180\" ><\/textarea><span id=\"forminator-field-textarea-1_69e8a0ede1258-description\" class=\"forminator-description\"><span data-limit=\"180\" data-type=\"characters\" data-editor=\"\">0 \/ 180<\/span><\/span><\/div><\/div><\/div><div class=\"forminator-row\"><div id=\"captcha-1\" class=\"forminator-field-captcha forminator-col forminator-col-12\"><div class=\"forminator-captcha-left forminator-g-recaptcha\" data-theme=\"light\"  data-sitekey=\"6Lc1iNUqAAAAAPkMVS80OE2YG7QmXEg7M8rJz6Sc\" data-size=\"normal\"><\/div> <\/div><\/div><input type=\"hidden\" name=\"referer_url\" value=\"\" \/><div class=\"forminator-row forminator-row-last\"><div class=\"forminator-col\"><div class=\"forminator-field\"><button class=\"forminator-button forminator-button-submit\"><span>Envoyer un message<\/span><span aria-hidden=\"true\"><\/span><\/button><\/div><\/div><\/div><input type=\"hidden\" id=\"forminator_nonce\" name=\"forminator_nonce\" value=\"ab378f9d21\" \/><input type=\"hidden\" name=\"_wp_http_referer\" value=\"\/fr\/wp-json\/wp\/v2\/pages\/6774\" \/><input type=\"hidden\" name=\"form_id\" value=\"6776\"><input type=\"hidden\" name=\"page_id\" value=\"6774\"><input type=\"hidden\" name=\"form_type\" value=\"default\"><input type=\"hidden\" name=\"current_url\" value=\"https:\/\/www.erapres.com.tr\/fr\/teklif-al\/\"><input type=\"hidden\" name=\"render_id\" value=\"1\"><input type=\"hidden\" name=\"action\" value=\"forminator_submit_form_custom-forms\"><input type=\"hidden\" name=\"trp-form-language\" value=\"fr\"\/><\/form><\/p>\t\t\t\t\t\t\t\t<\/div>\n\t\t\t\t<\/div>\n\t\t\t\t\t<\/div>\n\t\t<\/div>\n\t\t\t\t\t<\/div>\n\t\t<\/section>\n\t\t\t\t<\/div>","protected":false},"excerpt":{"rendered":"<p>Teklif Al Bizimle \u0130leti\u015fime Ge\u00e7iniz.<\/p>","protected":false},"author":9,"featured_media":0,"parent":0,"menu_order":0,"comment_status":"closed","ping_status":"closed","template":"elementor_header_footer","meta":{"_monsterinsights_skip_tracking":false,"_monsterinsights_sitenote_active":false,"_monsterinsights_sitenote_note":"","_monsterinsights_sitenote_category":0,"footnotes":""},"class_list":["post-6774","page","type-page","status-publish","hentry"],"_links":{"self":[{"href":"https:\/\/www.erapres.com.tr\/fr\/wp-json\/wp\/v2\/pages\/6774","targetHints":{"allow":["GET"]}}],"collection":[{"href":"https:\/\/www.erapres.com.tr\/fr\/wp-json\/wp\/v2\/pages"}],"about":[{"href":"https:\/\/www.erapres.com.tr\/fr\/wp-json\/wp\/v2\/types\/page"}],"author":[{"embeddable":true,"href":"https:\/\/www.erapres.com.tr\/fr\/wp-json\/wp\/v2\/users\/9"}],"replies":[{"embeddable":true,"href":"https:\/\/www.erapres.com.tr\/fr\/wp-json\/wp\/v2\/comments?post=6774"}],"version-history":[{"count":7,"href":"https:\/\/www.erapres.com.tr\/fr\/wp-json\/wp\/v2\/pages\/6774\/revisions"}],"predecessor-version":[{"id":6783,"href":"https:\/\/www.erapres.com.tr\/fr\/wp-json\/wp\/v2\/pages\/6774\/revisions\/6783"}],"wp:attachment":[{"href":"https:\/\/www.erapres.com.tr\/fr\/wp-json\/wp\/v2\/media?parent=6774"}],"curies":[{"name":"wp","href":"https:\/\/api.w.org\/{rel}","templated":true}]}}